{"id":183,"date":"2025-11-18T12:42:40","date_gmt":"2025-11-18T12:42:40","guid":{"rendered":"https:\/\/ff.kaloop.si\/?page_id=183"},"modified":"2026-03-11T14:49:49","modified_gmt":"2026-03-11T14:49:49","slug":"programski-nacrt-in-cilji","status":"publish","type":"page","link":"https:\/\/ff.kaloop.si\/en\/programski-nacrt-in-cilji\/","title":{"rendered":"1 Razvoj korpusnojezikoslovnih metod za analizo sodobne sloven\u0161\u010dine"},"content":{"rendered":"<p><div class=\"fusion-fullwidth fullwidth-box fusion-builder-row-1 fusion-flex-container has-pattern-background has-mask-background nonhundred-percent-fullwidth non-hundred-percent-height-scrolling\" style=\"--awb-border-radius-top-left:0px;--awb-border-radius-top-right:0px;--awb-border-radius-bottom-right:0px;--awb-border-radius-bottom-left:0px;--awb-flex-wrap:wrap;\" ><div class=\"fusion-builder-row fusion-row fusion-flex-align-items-flex-start fusion-flex-content-wrap\" style=\"max-width:calc( 1500px + 0px );margin-left: calc(-0px \/ 2 );margin-right: calc(-0px \/ 2 );\"><div class=\"fusion-layout-column fusion_builder_column fusion-builder-column-0 fusion_builder_column_1_2 1_2 fusion-flex-column\" style=\"--awb-bg-size:cover;--awb-width-large:50%;--awb-margin-top-large:0px;--awb-spacing-right-large:0px;--awb-margin-bottom-large:20px;--awb-spacing-left-large:0px;--awb-width-medium:50%;--awb-order-medium:0;--awb-spacing-right-medium:0px;--awb-spacing-left-medium:0px;--awb-width-small:100%;--awb-order-small:0;--awb-spacing-right-small:0px;--awb-spacing-left-small:0px;\"><div class=\"fusion-column-wrapper fusion-column-has-shadow fusion-flex-justify-content-flex-start fusion-content-layout-column\"><div ><a class=\"fusion-button button-flat fusion-button-default-size button-custom fusion-button-default button-1 fusion-button-default-span fusion-button-default-type\" style=\"--button_accent_color:var(--awb-color8);--button_border_color:var(--awb-color8);--button_accent_hover_color:var(--awb-color4);--button_border_hover_color:var(--awb-color4);--button_gradient_top_color:var(--awb-custom_color_1);--button_gradient_bottom_color:var(--awb-custom_color_1);--button_gradient_top_color_hover:var(--awb-custom_color_1);--button_gradient_bottom_color_hover:var(--awb-custom_color_1);--button_font_size:14px;--button_padding-top:10px;--button_padding-right:10px;--button_padding-bottom:10px;--button_padding-left:0px;\" target=\"_self\" href=\"https:\/\/ff.kaloop.si\/index.php\/razvoj-naprednih-tehnologij-za-analizo-jezika\/\"><i class=\"fa-arrow-left fal awb-button__icon awb-button__icon--default button-icon-left\" aria-hidden=\"true\"><\/i><span class=\"fusion-button-text awb-button__text awb-button__text--default\">4 Razvoj naprednih tehnologij za analizo jezika<\/span><\/a><\/div><\/div><\/div><div class=\"fusion-layout-column fusion_builder_column fusion-builder-column-1 fusion_builder_column_1_2 1_2 fusion-flex-column\" style=\"--awb-bg-size:cover;--awb-width-large:50%;--awb-margin-top-large:0px;--awb-spacing-right-large:0px;--awb-margin-bottom-large:20px;--awb-spacing-left-large:0px;--awb-width-medium:50%;--awb-order-medium:0;--awb-spacing-right-medium:0px;--awb-spacing-left-medium:0px;--awb-width-small:100%;--awb-order-small:0;--awb-spacing-right-small:0px;--awb-spacing-left-small:0px;\"><div class=\"fusion-column-wrapper fusion-column-has-shadow fusion-flex-justify-content-flex-start fusion-content-layout-column\"><div style=\"text-align:right;\"><a class=\"fusion-button button-flat fusion-button-default-size button-custom fusion-button-default button-2 fusion-button-default-span fusion-button-default-type\" style=\"--button_accent_color:var(--awb-color8);--button_border_color:var(--awb-color8);--button_accent_hover_color:var(--awb-color4);--button_border_hover_color:var(--awb-color4);--button_gradient_top_color:var(--awb-custom_color_1);--button_gradient_bottom_color:var(--awb-custom_color_1);--button_gradient_top_color_hover:var(--awb-custom_color_1);--button_gradient_bottom_color_hover:var(--awb-custom_color_1);--button_font_size:14px;--button_padding-top:10px;--button_padding-bottom:10px;--button_padding-left:0px;\" target=\"_self\" href=\"https:\/\/ff.kaloop.si\/index.php\/razvoj-metod-za-racunalniskojezikoslovne-raziskave-vecjezicnosti\/\"><span class=\"fusion-button-text awb-button__text awb-button__text--default\">2 Razvoj metod za ra\u010dunalni\u0161ko-jezikoslovne raziskave ve\u010djezi\u010dnosti<\/span><i class=\"fa-arrow-right fal awb-button__icon awb-button__icon--default button-icon-right\" aria-hidden=\"true\"><\/i><\/a><\/div><\/div><\/div><\/div><\/div><div class=\"fusion-fullwidth fullwidth-box fusion-builder-row-2 fusion-flex-container has-pattern-background has-mask-background nonhundred-percent-fullwidth non-hundred-percent-height-scrolling\" style=\"--awb-border-radius-top-left:0px;--awb-border-radius-top-right:0px;--awb-border-radius-bottom-right:0px;--awb-border-radius-bottom-left:0px;--awb-padding-top:47px;--awb-padding-bottom:37px;--awb-background-color:#a4aadb;--awb-flex-wrap:wrap;\" ><div class=\"fusion-builder-row fusion-row fusion-flex-align-items-flex-start fusion-flex-content-wrap\" style=\"max-width:calc( 1500px + );margin-left: calc(- \/ 2 );margin-right: calc(- \/ 2 );\"><div class=\"fusion-layout-column fusion_builder_column fusion-builder-column-2 fusion_builder_column_1_1 1_1 fusion-flex-column\" style=\"--awb-bg-size:cover;--awb-width-large:100%;--awb-margin-top-large:0px;--awb-margin-bottom-large:20px;--awb-width-medium:100%;--awb-order-medium:0;--awb-width-small:100%;--awb-order-small:0;\"><div class=\"fusion-column-wrapper fusion-column-has-shadow fusion-flex-justify-content-flex-start fusion-content-layout-column\"><div class=\"fusion-text fusion-text-1\"><h2>1 Razvoj korpusnojezikoslovnih metod za analizo sodobne sloven\u0161\u010dine<\/h2>\n<p>Lorem Ipsum is simply dummy text of the printing and typesetting industry. Lorem Ipsum has been the industry&#8217;s standard dummy text ever since the 1500s, when an unknown printer took a galley of type and scrambled it to make a type specimen book. It has survived not only five centuries, but also the leap into electronic typesetting, remaining essentially unchanged. It was popularised in the 1960s with the release of Letraset sheets containing Lorem Ipsum passages, and more recently with desktop publishing software like Aldus PageMaker including versions of Lorem Ipsum.K Lorem Ipsum<\/p>\n<\/div><\/div><\/div><\/div><\/div><div class=\"fusion-fullwidth fullwidth-box fusion-builder-row-3 fusion-flex-container has-pattern-background has-mask-background nonhundred-percent-fullwidth non-hundred-percent-height-scrolling\" style=\"--awb-border-radius-top-left:0px;--awb-border-radius-top-right:0px;--awb-border-radius-bottom-right:0px;--awb-border-radius-bottom-left:0px;--awb-padding-top:84px;--awb-flex-wrap:wrap;\" ><div class=\"fusion-builder-row fusion-row fusion-flex-align-items-flex-start fusion-flex-content-wrap\" style=\"max-width:calc( 1500px + );margin-left: calc(- \/ 2 );margin-right: calc(- \/ 2 );\"><div class=\"fusion-layout-column fusion_builder_column fusion-builder-column-3 fusion_builder_column_1_1 1_1 fusion-flex-column\" style=\"--awb-bg-size:cover;--awb-width-large:100%;--awb-margin-top-large:0px;--awb-margin-bottom-large:20px;--awb-width-medium:100%;--awb-order-medium:0;--awb-width-small:100%;--awb-order-small:0;\"><div class=\"fusion-column-wrapper fusion-column-has-shadow fusion-flex-justify-content-flex-start fusion-content-layout-column\"><div class=\"accordian fusion-accordian\" style=\"--awb-border-size:1px;--awb-icon-size:20px;--awb-content-font-size:var(--awb-typography4-font-size);--awb-icon-alignment:right;--awb-hover-color:var(--awb-color2);--awb-border-color:var(--awb-color3);--awb-background-color:var(--awb-color1);--awb-divider-color:#77cec0;--awb-divider-hover-color:var(--awb-color3);--awb-icon-color:var(--awb-color1);--awb-title-color:var(--awb-color8);--awb-content-color:var(--awb-color8);--awb-icon-box-color:#a4aadb;--awb-toggle-hover-accent-color:var(--awb-color5);--awb-title-font-family:var(--awb-typography2-font-family);--awb-title-font-weight:var(--awb-typography2-font-weight);--awb-title-font-style:var(--awb-typography2-font-style);--awb-title-font-size:var(--awb-typography2-font-size);--awb-title-letter-spacing:var(--awb-typography2-letter-spacing);--awb-title-line-height:var(--awb-typography2-line-height);--awb-title-text-transform:var(--awb-typography2-text-transform);--awb-content-font-family:var(--awb-typography4-font-family);--awb-content-font-weight:var(--awb-typography4-font-weight);--awb-content-font-style:var(--awb-typography4-font-style);\"><div class=\"panel-group fusion-toggle-icon-right fusion-toggle-icon-boxed\" id=\"accordion-183-1\"><div class=\"fusion-panel panel-default panel-c004e7d8f98fe2f48 fusion-toggle-no-divider\" style=\"--awb-title-text-transform:none;\"><div class=\"panel-heading\"><h3 class=\"panel-title toggle\" id=\"toggle_c004e7d8f98fe2f48\"><a class=\"active\" aria-expanded=\"true\" aria-controls=\"c004e7d8f98fe2f48\" role=\"button\" data-toggle=\"collapse\" data-parent=\"#accordion-183-1\" data-target=\"#c004e7d8f98fe2f48\" href=\"#c004e7d8f98fe2f48\"><span class=\"fusion-toggle-icon-wrapper\" aria-hidden=\"true\"><i class=\"fa-fusion-box active-icon fa-arrow-up fal\" aria-hidden=\"true\"><\/i><i class=\"fa-fusion-box inactive-icon fa-arrow-down fal\" aria-hidden=\"true\"><\/i><\/span><span class=\"fusion-toggle-heading\">Trenutni na\u010drti in cilji<\/span><\/a><\/h3><\/div><div id=\"c004e7d8f98fe2f48\" class=\"panel-collapse collapse in\" aria-labelledby=\"toggle_c004e7d8f98fe2f48\"><div class=\"panel-body toggle-content fusion-clearfix\">\n<h4>CILJ 1.1 Metode jezikoslovne analize nestrukturiranih tekstovnih podatkov.<\/h4>\n<p>Za uspe\u0161no pridobivanje jezikovnih podatkov iz besedilnih korpusov je treba izbolj\u0161ati analiti\u010dne metode za procesiranje nestrukturiranih besedil v sloven\u0161\u010dini. V njih je treba strojno razlo\u010diti stavke oz. povedi (segmentacija), pojavnice (tokenizacija), prepoznati kategorije in lastnosti besed (oblikoskladenjsko ozna\u010devanje), stav\u010dne \u010dlene (skladenjsko raz\u010dlenjevanje), prepoznati pomen (ozna\u010devanje semanti\u010dnih vlog, semanti\u010dno razdvoumljanje, ozna\u010devanje imenskih entitet) in vrste medstav\u010dnih povezav (diskurzno raz\u010dlenjevanje, razre\u0161evanje koreferen\u010dnosti). Metode jezikoslovnega ozna\u010devanja, ki so bile razvite v projektih JOS (Erjavec in Krek 2010) in SSJ (Krek 2013), bodo v okviru programa nadgrajevane z ugotovitvami, ki izhajajo iz analiz uspe\u0161nosti ozna\u010devanja, raz\u010dlenjevanja itd., predvsem z modelom Universal Dependencies (Nivre idr. 2016).<\/p>\n<p><strong>NAPOVEDANI REZULTAT<\/strong> (v letih 2019, 2020, 2021, 2022, 2023, 2024): Redne posodobitve tabel oznak \/ sistemov ozna\u010devanja za oblikoskladenjsko ozna\u010devanje, skladenjsko raz\u010dlenjevanje, ozna\u010devanje semanti\u010dnih vlog in drugih nivojev jezikoslovnega ozna\u010devanja<\/p>\n<h4>CILJ 1.2 Metode avtomatskega lu\u0161\u010denja jezikovnih podatkov iz (jezikoslovno ozna\u010denih) korpusov.<\/h4>\n<p>Jezikoslovna ozna\u010denost korpusov predstavlja predpogoj za avtomatsko lu\u0161\u010denje jezikovnih podatkov. V okviru programa bomo nadgradili metode lu\u0161\u010denja, ki so bile razvite v projektih SSJ in opisane v (Gantar, Kosem in Krek 2015) z uporabo orodja Sketch Engine, ki omogo\u010da lu\u0161\u010denje kolokacij v prepoznanih skladenjskih strukturah (<em>sketch grammar<\/em>), skupaj s korpusnimi zgledi. Metodo bomo nadgradili predvsem z vklju\u010devanjem semanti\u010dne ravni (pomensko razdvoumljanje na podlagi okolice) in strojnim prepoznavanjem stalnih zvez, izhajajo\u010d iz ugotovitev skupne delavnice COST akcij PARSEME in ENeL (Tiberius idr. 2015).<\/p>\n<p><strong>NAPOVEDANI REZULTAT<\/strong> (v letu 2022): Objava izlu\u0161\u010denih podatkov iz semanti\u010dno ozna\u010denih virov<\/p>\n<h4>CILJ 1.3 Metode strojne analize strukturiranih jezikovnih virov za potrebe leksikogramati\u010dnega opisa sodobne sloven\u0161\u010dine.<\/h4>\n<p>Obstoje\u010di strukturirani ra\u010dunalni\u0161ko procesljivi jezikovni viri (leksikon Sloleks, Leksikalna baza za sloven\u0161\u010dino, sloWNet itd.) omogo\u010dajo strojno analizo podatkov za potrebe jezikovnega\u00a0 opisa sodobne sloven\u0161\u010dine. Med naloge spada analiza oblikoslovnih in naglasnih vzorcev za samodejno generiranje oblikoslovnih in naglasih paradigem z namenom nadgradnje leksikona Sloleks, nadgradnjo leksikalne baze s podatki o glagolski vezljivosti, ki izhaja iz korpusno preverjenih podatkov obstoje\u010dega vezljivostnega slovarja (\u017dele 2008), nadgradnjo semanti\u010dne baze sloWNet (Fi\u0161er 2015) s podatki o sinonimiji, ki izhajajo iz drugih (dvojezi\u010dnih) slovarjev in podobne. Klju\u010dna pri tem je semanti\u010dna analiza, ki jo bomo zagotovili s tehnikami omre\u017ene analize in globokih nevronskih mre\u017e (cilja C4.1 in C4.4).<\/p>\n<p><strong>NAPOVEDANI REZULTAT<\/strong>: (v letih 2019, 2020, 2021, 2022, 2023, 2024): Redne objave izbolj\u0161anega slovenskega WordNeta<\/p>\n<h4>CILJ 1.4 Na korpusni analizi temelje\u010d komunikacijski leksikogramati\u010dni opis sodobne sloven\u0161\u010dine za potrebe jezikovnih tehnologij in e-izobra\u017eevanja.<\/h4>\n<p>Metode na korpusni analizi temelje\u010dega opisa sodobne sloven\u0161\u010dine za potrebe jezikovnih tehnologij in e-izobra\u017eevanja izhajajo iz metodologije, uporabljene pri izdelavi Leksikalne baze za sloven\u0161\u010dino (Gantar 2015). Ta omogo\u010da segmentirano gradnjo enovite baze s podatki o sodobnem slovenskem jeziku (semantika, skladnja\/vezljivost, kolokativnost, naglasnost, pregibnost, besedotvorje itd.), ki je strojno procesljiva, uporabna za jezikovnotehnolo\u0161ke in izobra\u017eevalne namene in vsebuje podatke na vseh nivojih jezikovnega opisa. Za \u010dim bolj \u0161iroko uporabo podatkov je pomembno, da je baza odprto dostopna.<\/p>\n<p><strong>NAPOVEDANI REZULTAT:<\/strong> (v letih 2019, 2020, 2021, 2022, 2023, 2024): Redne objave baze podatkov z leksikogramati\u010dnimi informacijami o sloven\u0161\u010dini<\/p>\n<\/div><\/div><\/div><\/div><\/div><\/div><\/div><\/div><\/div><div class=\"fusion-fullwidth fullwidth-box fusion-builder-row-4 fusion-flex-container has-pattern-background has-mask-background nonhundred-percent-fullwidth non-hundred-percent-height-scrolling\" style=\"--awb-border-radius-top-left:0px;--awb-border-radius-top-right:0px;--awb-border-radius-bottom-right:0px;--awb-border-radius-bottom-left:0px;--awb-flex-wrap:wrap;\" ><div class=\"fusion-builder-row fusion-row fusion-flex-align-items-flex-start fusion-flex-content-wrap\" style=\"max-width:calc( 1500px + );margin-left: calc(- \/ 2 );margin-right: calc(- \/ 2 );\"><div class=\"fusion-layout-column fusion_builder_column fusion-builder-column-4 fusion_builder_column_1_1 1_1 fusion-flex-column\" style=\"--awb-bg-size:cover;--awb-width-large:100%;--awb-margin-top-large:0px;--awb-margin-bottom-large:20px;--awb-width-medium:100%;--awb-order-medium:0;--awb-width-small:100%;--awb-order-small:0;\"><div class=\"fusion-column-wrapper fusion-column-has-shadow fusion-flex-justify-content-flex-start fusion-content-layout-column\"><div class=\"fusion-post-cards fusion-post-cards-1 fusion-grid-archive fusion-grid-columns-2\" style=\"--awb-column-spacing:20px;--awb-dots-align:center;--awb-columns:2;--awb-active-filter-border-size:3px;--awb-filters-height:36px;--awb-margin-top:40px;--awb-margin-bottom:40px;\"><ul class=\"fusion-grid fusion-grid-2 fusion-flex-align-items-flex-start fusion-grid-posts-cards\"><li class=\"fusion-layout-column fusion_builder_column fusion-builder-column-5 fusion-flex-column post-card fusion-grid-column fusion-post-cards-grid-column\" style=\"--awb-bg-blend:overlay;--awb-bg-size:cover;--awb-flex-grow:0;--awb-flex-shrink:0;--awb-flex-grow-medium:0;--awb-flex-shrink-medium:0;--awb-flex-grow-small:0;--awb-flex-shrink-small:0;\"><div class=\"fusion-column-wrapper fusion-flex-justify-content-flex-start fusion-content-layout-column\"><div class=\"fusion-content-tb fusion-content-tb-1\" style=\"--awb-text-color:var(--awb-color8);--awb-font-size:12px;--awb-margin-right:30px;--awb-text-transform:none;--awb-text-font-family:&quot;Inter&quot;;--awb-text-font-style:normal;--awb-text-font-weight:400;\"><p class=\"p1\">KLJUN, Ma\u0161a, TER\u0160EK, Matija, VRE\u0160, Domen. <span class=\"s1\">[Re] learning to count everything. The Rescience journal. <\/span>May 2022, vol. 8, iss. 2, [article no.] 39, str. 1-15, ilustr. ISSN 2430-3658. http:\/\/rescience.github.io\/bibliography\/Kljun_2022.html, DOI: 10.5281\/zenodo.6574703. [COBISS.SI-ID 211347459]\n<\/div><\/div><\/li>\n<li class=\"fusion-layout-column fusion_builder_column fusion-builder-column-6 fusion-flex-column post-card fusion-grid-column fusion-post-cards-grid-column\" style=\"--awb-bg-blend:overlay;--awb-bg-size:cover;--awb-flex-grow:0;--awb-flex-shrink:0;--awb-flex-grow-medium:0;--awb-flex-shrink-medium:0;--awb-flex-grow-small:0;--awb-flex-shrink-small:0;\"><div class=\"fusion-column-wrapper fusion-flex-justify-content-flex-start fusion-content-layout-column\"><div class=\"fusion-content-tb fusion-content-tb-2\" style=\"--awb-text-color:var(--awb-color8);--awb-font-size:12px;--awb-margin-right:30px;--awb-text-transform:none;--awb-text-font-family:&quot;Inter&quot;;--awb-text-font-style:normal;--awb-text-font-weight:400;\"><p class=\"p1\">GAPSA, Magdalena. <span class=\"s1\">S\u0142owniki w dobie digitalizacji na przyk\u0142adzie S\u0142ownika wyraz\u00f3w bliskoznacznych wsp\u00f3\u0142czesnego j\u0119zyka s\u0142owe\u0144skiego = (Slovar sopomenk sodobne sloven\u0161\u010dine). Adeptus.<\/span> 2020, nr. 16, str. 1-16. ISSN 2300-0783. https:\/\/ispan.waw.pl\/journals\/index.php\/adeptus\/article\/view\/a.2227, DOI: 10.11649\/a.2227. [COBISS.SI-ID 47241731], [WoS]\n<\/div><\/div><\/li>\n<li class=\"fusion-layout-column fusion_builder_column fusion-builder-column-7 fusion-flex-column post-card fusion-grid-column fusion-post-cards-grid-column\" style=\"--awb-bg-blend:overlay;--awb-bg-size:cover;--awb-flex-grow:0;--awb-flex-shrink:0;--awb-flex-grow-medium:0;--awb-flex-shrink-medium:0;--awb-flex-grow-small:0;--awb-flex-shrink-small:0;\"><div class=\"fusion-column-wrapper fusion-flex-justify-content-flex-start fusion-content-layout-column\"><div class=\"fusion-content-tb fusion-content-tb-3\" style=\"--awb-text-color:var(--awb-color8);--awb-font-size:12px;--awb-margin-right:30px;--awb-text-transform:none;--awb-text-font-family:&quot;Inter&quot;;--awb-text-font-style:normal;--awb-text-font-weight:400;\"><p class=\"p1\">TRAJANOV, Dimitar, TRAJKOVSKI, Vangel, DIMITRIEVA, Makedonka, DOBREVA, Jovana, JOVANOVIK, Milos, KLEMEN, Matej, \u017dAGAR, Ale\u0161, ROBNIK \u0160IKONJA, Marko. <span class=\"s1\">Review of natural language processing in pharmacology. Pharmacological reviews. <\/span>Jul. 2023, vol. 75, no. 4, str. 714-738. ISSN 0031-6997. https:\/\/pharmrev.aspetjournals.org\/content\/75\/4\/714, DOI: 10.1124\/pharmrev.122.000715. [COBISS.SI-ID 155223555], [JCR, SNIP, WoS do 15. 3. 2025: \u0161t. citatov (TC): 3, \u010distih citatov (CI): 3, \u010distih citatov na avtorja (CIAu): 0.38, Scopus do 20. 3. 2025: \u0161t. citatov (TC): 5, \u010distih citatov (CI): 5, \u010distih citatov na avtorja (CIAu): 0.63]\n<\/div><\/div><\/li>\n<li class=\"fusion-layout-column fusion_builder_column fusion-builder-column-8 fusion-flex-column post-card fusion-grid-column fusion-post-cards-grid-column\" style=\"--awb-bg-blend:overlay;--awb-bg-size:cover;--awb-flex-grow:0;--awb-flex-shrink:0;--awb-flex-grow-medium:0;--awb-flex-shrink-medium:0;--awb-flex-grow-small:0;--awb-flex-shrink-small:0;\"><div class=\"fusion-column-wrapper fusion-flex-justify-content-flex-start fusion-content-layout-column\"><div class=\"fusion-content-tb fusion-content-tb-4\" style=\"--awb-text-color:var(--awb-color8);--awb-font-size:12px;--awb-margin-right:30px;--awb-text-transform:none;--awb-text-font-family:&quot;Inter&quot;;--awb-text-font-style:normal;--awb-text-font-weight:400;\"><p class=\"p1\">ARHAR HOLDT, \u0160pela, FERBE\u017dAR, Ina, KALIN GOLOB, Monika, KREK, Simon, PAVLE, Andreja, ROZMAN, Tadeja, STABEJ, Marko. <span class=\"s1\">Nova sloven\u0161\u010dina. Jezik in slovstvo.<\/span><b> <\/b>[Tiskana izd.]. 2024, letn. 69, \u0161t. 3, str. 117-138. ISSN 0021-6933. https:\/\/journals.uni-lj.si\/jezikinslovstvo\/article\/view\/18644, DOI: 10.4312\/jis.69.3.117-138. [COBISS.SI-ID 210323971], [Odprti dostop, SNIP, Scopus]\n<\/div><\/div><\/li>\n<\/ul><\/div><\/div><\/div><\/div><\/div><\/p>","protected":false},"excerpt":{"rendered":"","protected":false},"author":3,"featured_media":0,"parent":0,"menu_order":0,"comment_status":"closed","ping_status":"closed","template":"","meta":{"_acf_changed":false,"footnotes":""},"class_list":["post-183","page","type-page","status-publish","hentry"],"acf":[],"_links":{"self":[{"href":"https:\/\/ff.kaloop.si\/en\/wp-json\/wp\/v2\/pages\/183","targetHints":{"allow":["GET"]}}],"collection":[{"href":"https:\/\/ff.kaloop.si\/en\/wp-json\/wp\/v2\/pages"}],"about":[{"href":"https:\/\/ff.kaloop.si\/en\/wp-json\/wp\/v2\/types\/page"}],"author":[{"embeddable":true,"href":"https:\/\/ff.kaloop.si\/en\/wp-json\/wp\/v2\/users\/3"}],"replies":[{"embeddable":true,"href":"https:\/\/ff.kaloop.si\/en\/wp-json\/wp\/v2\/comments?post=183"}],"version-history":[{"count":56,"href":"https:\/\/ff.kaloop.si\/en\/wp-json\/wp\/v2\/pages\/183\/revisions"}],"predecessor-version":[{"id":715,"href":"https:\/\/ff.kaloop.si\/en\/wp-json\/wp\/v2\/pages\/183\/revisions\/715"}],"wp:attachment":[{"href":"https:\/\/ff.kaloop.si\/en\/wp-json\/wp\/v2\/media?parent=183"}],"curies":[{"name":"wp","href":"https:\/\/api.w.org\/{rel}","templated":true}]}}