{"id":360,"date":"2025-12-05T13:26:27","date_gmt":"2025-12-05T13:26:27","guid":{"rendered":"https:\/\/ff.kaloop.si\/?page_id=360"},"modified":"2026-03-11T14:51:19","modified_gmt":"2026-03-11T14:51:19","slug":"analize-in-razvoj-metod-za-izboljsanje-bralne-pismenosti-v-digitalnem-okolju","status":"publish","type":"page","link":"https:\/\/ff.kaloop.si\/en\/analize-in-razvoj-metod-za-izboljsanje-bralne-pismenosti-v-digitalnem-okolju\/","title":{"rendered":"3 Analize in razvoj metod za izbolj\u0161anje bralne pismenosti v digitalnem okolju"},"content":{"rendered":"<p><div class=\"fusion-fullwidth fullwidth-box fusion-builder-row-1 fusion-flex-container has-pattern-background has-mask-background nonhundred-percent-fullwidth non-hundred-percent-height-scrolling\" style=\"--awb-border-radius-top-left:0px;--awb-border-radius-top-right:0px;--awb-border-radius-bottom-right:0px;--awb-border-radius-bottom-left:0px;--awb-flex-wrap:wrap;\" ><div class=\"fusion-builder-row fusion-row fusion-flex-align-items-flex-start fusion-flex-content-wrap\" style=\"max-width:calc( 1500px + );margin-left: calc(- \/ 2 );margin-right: calc(- \/ 2 );\"><div class=\"fusion-layout-column fusion_builder_column fusion-builder-column-0 fusion_builder_column_1_2 1_2 fusion-flex-column\" style=\"--awb-bg-size:cover;--awb-width-large:50%;--awb-margin-top-large:0px;--awb-spacing-right-large:0px;--awb-margin-bottom-large:20px;--awb-spacing-left-large:0px;--awb-width-medium:50%;--awb-order-medium:0;--awb-spacing-right-medium:0px;--awb-spacing-left-medium:0px;--awb-width-small:100%;--awb-order-small:0;\"><div class=\"fusion-column-wrapper fusion-column-has-shadow fusion-flex-justify-content-flex-start fusion-content-layout-column\"><div ><a class=\"fusion-button button-flat fusion-button-default-size button-custom fusion-button-default button-1 fusion-button-default-span fusion-button-default-type\" style=\"--button_accent_color:var(--awb-color8);--button_border_color:var(--awb-color8);--button_accent_hover_color:var(--awb-color4);--button_border_hover_color:var(--awb-color4);--button_gradient_top_color:var(--awb-custom_color_1);--button_gradient_bottom_color:var(--awb-custom_color_1);--button_gradient_top_color_hover:var(--awb-custom_color_1);--button_gradient_bottom_color_hover:var(--awb-custom_color_1);--button_font_size:14px;--button_padding-top:10px;--button_padding-right:10px;--button_padding-bottom:10px;--button_padding-left:0px;\" target=\"_self\" href=\"https:\/\/ff.kaloop.si\/index.php\/razvoj-metod-za-racunalniskojezikoslovne-raziskave-vecjezicnosti\/\"><i class=\"fa-arrow-left fal awb-button__icon awb-button__icon--default button-icon-left\" aria-hidden=\"true\"><\/i><span class=\"fusion-button-text awb-button__text awb-button__text--default\">2 Razvoj metod za ra\u010dunalni\u0161ko-jezikoslovne raziskave ve\u010djezi\u010dnosti<\/span><\/a><\/div><\/div><\/div><div class=\"fusion-layout-column fusion_builder_column fusion-builder-column-1 fusion_builder_column_1_2 1_2 fusion-flex-column\" style=\"--awb-bg-size:cover;--awb-width-large:50%;--awb-margin-top-large:0px;--awb-spacing-right-large:0px;--awb-margin-bottom-large:20px;--awb-spacing-left-large:0px;--awb-width-medium:50%;--awb-order-medium:0;--awb-spacing-right-medium:0px;--awb-spacing-left-medium:0px;--awb-width-small:100%;--awb-order-small:0;\"><div class=\"fusion-column-wrapper fusion-column-has-shadow fusion-flex-justify-content-flex-start fusion-content-layout-column\"><div style=\"text-align:right;\"><a class=\"fusion-button button-flat fusion-button-default-size button-custom fusion-button-default button-2 fusion-button-default-span fusion-button-default-type\" style=\"--button_accent_color:var(--awb-color8);--button_border_color:var(--awb-color8);--button_accent_hover_color:var(--awb-color4);--button_border_hover_color:var(--awb-color4);--button_gradient_top_color:var(--awb-custom_color_1);--button_gradient_bottom_color:var(--awb-custom_color_1);--button_gradient_top_color_hover:var(--awb-custom_color_1);--button_gradient_bottom_color_hover:var(--awb-custom_color_1);--button_font_size:14px;--button_padding-top:10px;--button_padding-bottom:10px;--button_padding-left:0px;\" target=\"_self\" href=\"https:\/\/ff.kaloop.si\/index.php\/razvoj-naprednih-tehnologij-za-analizo-jezika\/\"><span class=\"fusion-button-text awb-button__text awb-button__text--default\">4 Razvoj naprednih tehnologij za analizo jezika<\/span><i class=\"fa-arrow-right fal awb-button__icon awb-button__icon--default button-icon-right\" aria-hidden=\"true\"><\/i><\/a><\/div><\/div><\/div><\/div><\/div><div class=\"fusion-fullwidth fullwidth-box fusion-builder-row-2 fusion-flex-container has-pattern-background has-mask-background nonhundred-percent-fullwidth non-hundred-percent-height-scrolling\" style=\"--awb-border-radius-top-left:0px;--awb-border-radius-top-right:0px;--awb-border-radius-bottom-right:0px;--awb-border-radius-bottom-left:0px;--awb-padding-top:40px;--awb-padding-bottom:30px;--awb-background-color:#a4aadb;--awb-flex-wrap:wrap;\" ><div class=\"fusion-builder-row fusion-row fusion-flex-align-items-flex-start fusion-flex-content-wrap\" style=\"max-width:calc( 1500px + );margin-left: calc(- \/ 2 );margin-right: calc(- \/ 2 );\"><div class=\"fusion-layout-column fusion_builder_column fusion-builder-column-2 fusion_builder_column_1_1 1_1 fusion-flex-column\" style=\"--awb-bg-size:cover;--awb-width-large:100%;--awb-margin-top-large:0px;--awb-margin-bottom-large:20px;--awb-width-medium:100%;--awb-order-medium:0;--awb-width-small:100%;--awb-order-small:0;\"><div class=\"fusion-column-wrapper fusion-column-has-shadow fusion-flex-justify-content-flex-start fusion-content-layout-column\"><div class=\"fusion-text fusion-text-1\"><h2>3 Analize in razvoj metod za izbolj\u0161anje bralne pismenosti v digitalnem okolju<\/h2>\n<p>Lorem Ipsum is simply dummy text of the printing and typesetting industry. Lorem Ipsum has been the industry&#8217;s standard dummy text ever since the 1500s, when an unknown printer took a galley of type and scrambled it to make a type specimen book. It has survived not only five centuries, but also the leap into electronic typesetting, remaining essentially unchanged. It was popularised in the 1960s with the release of Letraset sheets containing Lorem Ipsum passages, and more recently with desktop publishing software like Aldus PageMaker including versions of Lorem Ipsum.K Lorem Ipsum<\/p>\n<\/div><\/div><\/div><\/div><\/div><div class=\"fusion-fullwidth fullwidth-box fusion-builder-row-3 fusion-flex-container has-pattern-background has-mask-background nonhundred-percent-fullwidth non-hundred-percent-height-scrolling\" style=\"--awb-border-radius-top-left:0px;--awb-border-radius-top-right:0px;--awb-border-radius-bottom-right:0px;--awb-border-radius-bottom-left:0px;--awb-padding-top:76px;--awb-flex-wrap:wrap;\" ><div class=\"fusion-builder-row fusion-row fusion-flex-align-items-flex-start fusion-flex-content-wrap\" style=\"max-width:calc( 1500px + );margin-left: calc(- \/ 2 );margin-right: calc(- \/ 2 );\"><div class=\"fusion-layout-column fusion_builder_column fusion-builder-column-3 fusion_builder_column_1_1 1_1 fusion-flex-column\" style=\"--awb-bg-size:cover;--awb-width-large:100%;--awb-margin-top-large:0px;--awb-margin-bottom-large:20px;--awb-width-medium:100%;--awb-order-medium:0;--awb-width-small:100%;--awb-order-small:0;\"><div class=\"fusion-column-wrapper fusion-column-has-shadow fusion-flex-justify-content-flex-start fusion-content-layout-column\"><div class=\"accordian fusion-accordian\" style=\"--awb-border-size:1px;--awb-icon-size:20px;--awb-content-font-size:var(--awb-typography4-font-size);--awb-icon-alignment:right;--awb-hover-color:var(--awb-color2);--awb-border-color:var(--awb-color3);--awb-background-color:var(--awb-color1);--awb-divider-color:#77cec0;--awb-divider-hover-color:var(--awb-color3);--awb-icon-color:var(--awb-color1);--awb-title-color:var(--awb-color8);--awb-content-color:var(--awb-color8);--awb-icon-box-color:#99cca4;--awb-toggle-hover-accent-color:var(--awb-color5);--awb-title-font-family:var(--awb-typography2-font-family);--awb-title-font-weight:var(--awb-typography2-font-weight);--awb-title-font-style:var(--awb-typography2-font-style);--awb-title-font-size:20px;--awb-title-letter-spacing:var(--awb-typography2-letter-spacing);--awb-title-line-height:1.1;--awb-title-text-transform:var(--awb-typography2-text-transform);--awb-content-font-family:var(--awb-typography4-font-family);--awb-content-font-weight:var(--awb-typography4-font-weight);--awb-content-font-style:var(--awb-typography4-font-style);\"><div class=\"panel-group fusion-toggle-icon-right fusion-toggle-icon-boxed\" id=\"accordion-360-1\"><div class=\"fusion-panel panel-default panel-f3b9f653dc287d7ab fusion-toggle-no-divider\" style=\"--awb-title-font-family:&quot;Inter&quot;;--awb-title-font-weight:600;--awb-title-font-style:normal;--awb-title-font-size:20px;\"><div class=\"panel-heading\"><h3 class=\"panel-title toggle\" id=\"toggle_f3b9f653dc287d7ab\"><a class=\"active\" aria-expanded=\"true\" aria-controls=\"f3b9f653dc287d7ab\" role=\"button\" data-toggle=\"collapse\" data-parent=\"#accordion-360-1\" data-target=\"#f3b9f653dc287d7ab\" href=\"#f3b9f653dc287d7ab\"><span class=\"fusion-toggle-icon-wrapper\" aria-hidden=\"true\"><i class=\"fa-fusion-box active-icon fa-arrow-up fal\" aria-hidden=\"true\"><\/i><i class=\"fa-fusion-box inactive-icon fa-arrow-down fal\" aria-hidden=\"true\"><\/i><\/span><span class=\"fusion-toggle-heading\">Trenutni na\u010drti in cilji<\/span><\/a><\/h3><\/div><div id=\"f3b9f653dc287d7ab\" class=\"panel-collapse collapse in\" aria-labelledby=\"toggle_f3b9f653dc287d7ab\"><div class=\"panel-body toggle-content fusion-clearfix\">\n<h4>C3.1<\/h4>\n<p>Analiza (pisne) jezikovne produkcije v \u0161olskem procesu, s primarnim namenom identificirati tipi\u010dne jezikovne te\u017eave in zmo\u017enosti pri razli\u010dnih skupinah udele\u017eencev izobra\u017eevalnega procesa (glede na starost, tip \u0161ole, regijo \u0161olanja). Analize bodo izvedene z uporabo (pol)avtomatskega podatkovnega lu\u0161\u010denja z naprednimi metodami obdelave naravnega jezika in strojnega u\u010denja (cilja C4.1 in C4.2), ki mu sledijo jezikoslovni postopki kvalitativnega in kvantitativnega korpusnega pristopa, komplementarno pa tudi druge metode (vpra\u0161alniki, testiranja ipd.).<\/p>\n<p><strong>NAPOVEDANI REZULTAT <\/strong>(v letu 2022): Objava spletnega orodja za strojno detektiranje jezikovnih zadreg.<\/p>\n<h4>C3.2<\/h4>\n<p>Metode za individualizacijo opismenjevanja: razvoj metod za avtomatsko identifikacijo in tipologizacijo jezikovnih te\u017eav v pisni produkciji; avtomatsko pridobivanje in organizacijo avtenti\u010dnega jezikovnega gradiva iz besedilnih korpusov za pripravo u\u010dnih gradiv, ki so ciljno usmerjena v re\u0161evanje identificiranih jezikovnih te\u017eav posameznika. Metode bodo temeljile na strojnem u\u010denju statisti\u010dnih ozna\u010devalnikov jezikovnih podatkov, avtomatskem lu\u0161\u010denju in razvoju priporo\u010dilnega sistema.<\/p>\n<p><strong>NAPOVEDANI REZULTAT <\/strong>(v letu 2023): Objava spletnega orodja za strojno detektiranje jezikovnih zadreg.<\/p>\n<h4>C3.3<\/h4>\n<p>Podpora testiranju in diagnostiki u\u010dnih te\u017eav: razvoj in zagotavljanje avtenti\u010dnih jezikovnih podatkov za raziskovanje, evalvacijo in podporo nacionalnim testiranjem jezikovnih zmo\u017enosti u\u010dencev\/dijakov ter diagnostiki specifi\u010dnih u\u010dnih primanjkljajev na podro\u010dju branja in pisanja ter na tej podlagi mo\u017enost razvoja priporo\u010dilnih sistemov.<\/p>\n<p><strong>NAPOVEDANI REZULTAT <\/strong>(v letu 2024): Objava spletnega orodja za strojno detektiranje jezikovnih zadreg.<\/p>\n<\/div><\/div><\/div><\/div><\/div><\/div><\/div><\/div><\/div><\/p>","protected":false},"excerpt":{"rendered":"","protected":false},"author":3,"featured_media":0,"parent":0,"menu_order":0,"comment_status":"closed","ping_status":"closed","template":"","meta":{"_acf_changed":false,"footnotes":""},"class_list":["post-360","page","type-page","status-publish","hentry"],"acf":[],"_links":{"self":[{"href":"https:\/\/ff.kaloop.si\/en\/wp-json\/wp\/v2\/pages\/360","targetHints":{"allow":["GET"]}}],"collection":[{"href":"https:\/\/ff.kaloop.si\/en\/wp-json\/wp\/v2\/pages"}],"about":[{"href":"https:\/\/ff.kaloop.si\/en\/wp-json\/wp\/v2\/types\/page"}],"author":[{"embeddable":true,"href":"https:\/\/ff.kaloop.si\/en\/wp-json\/wp\/v2\/users\/3"}],"replies":[{"embeddable":true,"href":"https:\/\/ff.kaloop.si\/en\/wp-json\/wp\/v2\/comments?post=360"}],"version-history":[{"count":16,"href":"https:\/\/ff.kaloop.si\/en\/wp-json\/wp\/v2\/pages\/360\/revisions"}],"predecessor-version":[{"id":717,"href":"https:\/\/ff.kaloop.si\/en\/wp-json\/wp\/v2\/pages\/360\/revisions\/717"}],"wp:attachment":[{"href":"https:\/\/ff.kaloop.si\/en\/wp-json\/wp\/v2\/media?parent=360"}],"curies":[{"name":"wp","href":"https:\/\/api.w.org\/{rel}","templated":true}]}}